{"id":454,"date":"2023-09-27T12:43:54","date_gmt":"2023-09-27T12:43:54","guid":{"rendered":"https:\/\/www.jami-gmbh.de\/?page_id=454"},"modified":"2023-09-27T12:43:57","modified_gmt":"2023-09-27T12:43:57","slug":"den-richtigen-detektierbaren-kugelschreiber-finden","status":"publish","type":"page","link":"https:\/\/www.jami-gmbh.de\/index.php\/den-richtigen-detektierbaren-kugelschreiber-finden\/","title":{"rendered":"Den richtigen detektierbaren Kugelschreiber finden"},"content":{"rendered":"\n<p><em>Wer nach detektierbaren Kugelschreibern sucht, steht vor einer gro\u00dfen Auswahl. Wie kann ich den richtigen detektierbaren Kugelschreiber finden? Wir erkl\u00e4ren Ihnen, worauf es ankommt.<\/em><\/p>\n\n\n\n<ul class=\"wp-block-list\">\n<li><strong>Kostenchampion<\/strong>s: Detektierbare Economy Kugelschreiber<\/li>\n\n\n\n<li><strong>Sicherheitschampion<\/strong>s: Detektierbare Kugelschreiber mit detektierbarer Mine<\/li>\n\n\n\n<li><strong>Spezialisten<\/strong>: Detektierbare Kugelschreiber f\u00fcr kalte und feuchte Umgebungen<\/li>\n<\/ul>\n\n\n\n<div style=\"height:100px\" aria-hidden=\"true\" class=\"wp-block-spacer\"><\/div>\n\n\n\n<div class=\"wp-block-media-text is-stacked-on-mobile\" style=\"grid-template-columns:15% auto\"><figure class=\"wp-block-media-text__media\"><img data-recalc-dims=\"1\" loading=\"lazy\" decoding=\"async\" width=\"292\" height=\"350\" src=\"https:\/\/i0.wp.com\/www.jami-gmbh.de\/wp-content\/uploads\/2023\/09\/2006.jpg?resize=292%2C350&#038;ssl=1\" alt=\"\" class=\"wp-image-455 size-full\" srcset=\"https:\/\/i0.wp.com\/www.jami-gmbh.de\/wp-content\/uploads\/2023\/09\/2006.jpg?w=292&amp;ssl=1 292w, https:\/\/i0.wp.com\/www.jami-gmbh.de\/wp-content\/uploads\/2023\/09\/2006.jpg?resize=250%2C300&amp;ssl=1 250w\" sizes=\"auto, (max-width: 292px) 100vw, 292px\" \/><\/figure><div class=\"wp-block-media-text__content\">\n<p><strong>Kostenchampions<\/strong><\/p>\n\n\n\n<p>F\u00fcr Bereiche, in denen nicht die h\u00f6chsten Sicherheitsanforderungen gelten, bieten sich Kugelschreiber mit g\u00fcnstigem <strong>Preis-Leistungs-Verh\u00e4ltnis<\/strong> an. Solche liegen um 1 \u20ac pro St\u00fcck und sollten unbedingt aus komplett detektierbarem Kunststoff bestehen. Achten Sie beim Kauf auf eine entsprechende Kennzeichnung! Bevor Sie sich einen Jahresbedarf beschaffen, testen Sie die Kugelschreiber (und Bruchst\u00fccke davon) an der eigenen Anlage. Faustregel: Ein abgebrochener Clip sollte immer erkannt werden. <a href=\"https:\/\/www.jami-shop.eu\/kugelschreiber-economy-blau.html\">Hier sehen Sie unsere Economy-Pens.<\/a><\/p>\n\n\n\n<p>Mehr Sicherheit bieten im Low-Budget-Bereich sogenannte Stick-Pens. Diese bestehen aus hochwertigstem, detektierbaren Kunststoff wie ein Premium Kugelschreiber, ihnen fehlt allerdings der Mechanismus zum Einziehen der Mine. Eine sehr sichere Option, weil keinerlei bewegliche Teile im Produkt sind, die verloren gehen k\u00f6nnten. <a href=\"https:\/\/www.jami-shop.eu\/stick-pen-elephant-blau.html\">Klicken Sie hier um zu unseren Stick-Pens zu gelangen.<\/a><\/p>\n<\/div><\/div>\n\n\n\n<div class=\"wp-block-media-text is-stacked-on-mobile\" style=\"grid-template-columns:15% auto\"><figure class=\"wp-block-media-text__media\"><img data-recalc-dims=\"1\" loading=\"lazy\" decoding=\"async\" width=\"474\" height=\"474\" src=\"https:\/\/i0.wp.com\/www.jami-gmbh.de\/wp-content\/uploads\/2023\/09\/2004-1.jpg?resize=474%2C474&#038;ssl=1\" alt=\"\" class=\"wp-image-465 size-full\" srcset=\"https:\/\/i0.wp.com\/www.jami-gmbh.de\/wp-content\/uploads\/2023\/09\/2004-1.jpg?w=474&amp;ssl=1 474w, https:\/\/i0.wp.com\/www.jami-gmbh.de\/wp-content\/uploads\/2023\/09\/2004-1.jpg?resize=300%2C300&amp;ssl=1 300w, https:\/\/i0.wp.com\/www.jami-gmbh.de\/wp-content\/uploads\/2023\/09\/2004-1.jpg?resize=150%2C150&amp;ssl=1 150w\" sizes=\"auto, (max-width: 474px) 100vw, 474px\" \/><\/figure><div class=\"wp-block-media-text__content\">\n<p><strong>Sicherheitschampions<\/strong><\/p>\n\n\n\n<p>F\u00fcr sensible Bereiche sollten Kugelschreiber unbedingt zwei Grundvoraussetzungen erf\u00fcllen:<br>1. Sehr gute <strong><a href=\"https:\/\/www.jami-gmbh.de\/index.php\/sample-page\/was-bedeutet-detektierbar\/\">Detektierbarkeit des Kunststoffk\u00f6rpers<\/a><\/strong>. Unbedingt ausgiebig an der eigenen Anlage testen!<br>2. Detektierbare bewegliche Teile! Ein hochwertiger Kugelschreiber hat <strong>immer <\/strong>eine <strong>Mine aus detektierbarem Kunststoff <\/strong>und eine Metallfeder.<\/p>\n\n\n\n<p><a href=\"https:\/\/www.jami-shop.eu\/kugelschreiber-elephant-pen-blau-blau.html\">Kugelschreiber mit detektierbarer Mine zu g\u00fcnstigen Preisen finden Sie hier.<\/a><\/p>\n<\/div><\/div>\n\n\n\n<div class=\"wp-block-media-text is-stacked-on-mobile\" style=\"grid-template-columns:15% auto\"><figure class=\"wp-block-media-text__media\"><img data-recalc-dims=\"1\" loading=\"lazy\" decoding=\"async\" width=\"666\" height=\"505\" src=\"https:\/\/i0.wp.com\/www.jami-gmbh.de\/wp-content\/uploads\/2023\/09\/2004-G-1.jpg?resize=666%2C505&#038;ssl=1\" alt=\"\" class=\"wp-image-463 size-full\" srcset=\"https:\/\/i0.wp.com\/www.jami-gmbh.de\/wp-content\/uploads\/2023\/09\/2004-G-1.jpg?w=666&amp;ssl=1 666w, https:\/\/i0.wp.com\/www.jami-gmbh.de\/wp-content\/uploads\/2023\/09\/2004-G-1.jpg?resize=300%2C227&amp;ssl=1 300w\" sizes=\"auto, (max-width: 666px) 100vw, 666px\" \/><\/figure><div class=\"wp-block-media-text__content\">\n<p><strong>Spezialisten<\/strong><\/p>\n\n\n\n<p>F\u00fcr extreme Bedingungen werden besonders leistungsf\u00e4hige Stifte ben\u00f6tigt. Bei  Temperaturen dauerhaft unter 0\u00b0C versagen herk\u00f6mmliche Minen. Unter Druck stehende Spezialminen, die urspr\u00fcnglich f\u00fcr die Raumfahrt entwickelt wurden, funktionieren tadellos in K\u00fchl- und Gefrierh\u00e4usern. <a href=\"https:\/\/www.jami-shop.eu\/kugelschreiber-ele-kaelte.html\">Hier Klicken um die K\u00e4ltestifte in unserem Shop anzusehen. <\/a><br>F\u00fcr moderate K\u00e4lte und insbesondere feuchte oder \u00f6lige Umgebungen, eignen sich die kosteneffektiveren Kugelschreiber mit Gel-Mine. Wie immer bei detektierbaren Produkten gilt: Finden Sie selbst heraus, was f\u00fcr Sie am Besten funktioniert!<br><a href=\"https:\/\/www.jami-shop.eu\/kugelschreiber-elephant-pen-blau-blau-167.html\">Gel-Stifte in unserem Onlineshop ansehen.<\/a><\/p>\n\n\n\n<p><\/p>\n<\/div><\/div>\n","protected":false},"excerpt":{"rendered":"<p>Wer nach detektierbaren Kugelschreibern sucht, steht vor einer gro\u00dfen Auswahl. Wie kann ich den richtigen detektierbaren Kugelschreiber finden? Wir erkl\u00e4ren Ihnen, worauf es ankommt. Kostenchampions F\u00fcr Bereiche, in denen nicht die h\u00f6chsten Sicherheitsanforderungen gelten, bieten sich Kugelschreiber mit g\u00fcnstigem Preis-Leistungs-Verh\u00e4ltnis an. Solche liegen um 1 \u20ac pro St\u00fcck und sollten unbedingt aus komplett detektierbarem Kunststoff [&hellip;]<\/p>\n","protected":false},"author":1,"featured_media":0,"parent":0,"menu_order":0,"comment_status":"closed","ping_status":"closed","template":"","meta":{"site-sidebar-layout":"default","site-content-layout":"","ast-site-content-layout":"default","site-content-style":"default","site-sidebar-style":"default","ast-global-header-display":"","ast-banner-title-visibility":"","ast-main-header-display":"","ast-hfb-above-header-display":"","ast-hfb-below-header-display":"","ast-hfb-mobile-header-display":"","site-post-title":"","ast-breadcrumbs-content":"","ast-featured-img":"","footer-sml-layout":"","ast-disable-related-posts":"","theme-transparent-header-meta":"","adv-header-id-meta":"","stick-header-meta":"","header-above-stick-meta":"","header-main-stick-meta":"","header-below-stick-meta":"","astra-migrate-meta-layouts":"default","ast-page-background-enabled":"default","ast-page-background-meta":{"desktop":{"background-color":"var(--ast-global-color-4)","background-image":"","background-repeat":"repeat","background-position":"center center","background-size":"auto","background-attachment":"scroll","background-type":"","background-media":"","overlay-type":"","overlay-color":"","overlay-opacity":"","overlay-gradient":""},"tablet":{"background-color":"","background-image":"","background-repeat":"repeat","background-position":"center center","background-size":"auto","background-attachment":"scroll","background-type":"","background-media":"","overlay-type":"","overlay-color":"","overlay-opacity":"","overlay-gradient":""},"mobile":{"background-color":"","background-image":"","background-repeat":"repeat","background-position":"center center","background-size":"auto","background-attachment":"scroll","background-type":"","background-media":"","overlay-type":"","overlay-color":"","overlay-opacity":"","overlay-gradient":""}},"ast-content-background-meta":{"desktop":{"background-color":"var(--ast-global-color-5)","background-image":"","background-repeat":"repeat","background-position":"center center","background-size":"auto","background-attachment":"scroll","background-type":"","background-media":"","overlay-type":"","overlay-color":"","overlay-opacity":"","overlay-gradient":""},"tablet":{"background-color":"var(--ast-global-color-5)","background-image":"","background-repeat":"repeat","background-position":"center center","background-size":"auto","background-attachment":"scroll","background-type":"","background-media":"","overlay-type":"","overlay-color":"","overlay-opacity":"","overlay-gradient":""},"mobile":{"background-color":"var(--ast-global-color-5)","background-image":"","background-repeat":"repeat","background-position":"center center","background-size":"auto","background-attachment":"scroll","background-type":"","background-media":"","overlay-type":"","overlay-color":"","overlay-opacity":"","overlay-gradient":""}},"footnotes":""},"class_list":["post-454","page","type-page","status-publish","hentry"],"yoast_head":"<!-- This site is optimized with the Yoast SEO plugin v27.1.1 - https:\/\/yoast.com\/product\/yoast-seo-wordpress\/ -->\n<title>Den richtigen detektierbaren Kugelschreiber finden -<\/title>\n<meta name=\"description\" content=\"Sie Fragen sich, welche detektierbaren Kugelschreiber zu Ihrem Betrieb passen? Wir haben Antworten!\" \/>\n<meta name=\"robots\" content=\"index, follow, max-snippet:-1, max-image-preview:large, max-video-preview:-1\" \/>\n<link rel=\"canonical\" href=\"https:\/\/www.jami-gmbh.de\/index.php\/den-richtigen-detektierbaren-kugelschreiber-finden\/\" \/>\n<meta property=\"og:locale\" content=\"de_DE\" \/>\n<meta property=\"og:type\" content=\"article\" \/>\n<meta property=\"og:title\" content=\"Den richtigen detektierbaren Kugelschreiber finden -\" \/>\n<meta property=\"og:description\" content=\"Sie Fragen sich, welche detektierbaren Kugelschreiber zu Ihrem Betrieb passen? Wir haben Antworten!\" \/>\n<meta property=\"og:url\" content=\"https:\/\/www.jami-gmbh.de\/index.php\/den-richtigen-detektierbaren-kugelschreiber-finden\/\" \/>\n<meta property=\"article:modified_time\" content=\"2023-09-27T12:43:57+00:00\" \/>\n<meta property=\"og:image\" content=\"https:\/\/www.jami-gmbh.de\/wp-content\/uploads\/2023\/09\/2006.jpg\" \/>\n<meta name=\"twitter:card\" content=\"summary_large_image\" \/>\n<meta name=\"twitter:label1\" content=\"Gesch\u00e4tzte Lesezeit\" \/>\n\t<meta name=\"twitter:data1\" content=\"3\u00a0Minuten\" \/>\n<script type=\"application\/ld+json\" class=\"yoast-schema-graph\">{\"@context\":\"https:\/\/schema.org\",\"@graph\":[{\"@type\":\"WebPage\",\"@id\":\"https:\/\/www.jami-gmbh.de\/index.php\/den-richtigen-detektierbaren-kugelschreiber-finden\/\",\"url\":\"https:\/\/www.jami-gmbh.de\/index.php\/den-richtigen-detektierbaren-kugelschreiber-finden\/\",\"name\":\"Den richtigen detektierbaren Kugelschreiber finden -\",\"isPartOf\":{\"@id\":\"https:\/\/www.jami-gmbh.de\/#website\"},\"primaryImageOfPage\":{\"@id\":\"https:\/\/www.jami-gmbh.de\/index.php\/den-richtigen-detektierbaren-kugelschreiber-finden\/#primaryimage\"},\"image\":{\"@id\":\"https:\/\/www.jami-gmbh.de\/index.php\/den-richtigen-detektierbaren-kugelschreiber-finden\/#primaryimage\"},\"thumbnailUrl\":\"https:\/\/www.jami-gmbh.de\/wp-content\/uploads\/2023\/09\/2006.jpg\",\"datePublished\":\"2023-09-27T12:43:54+00:00\",\"dateModified\":\"2023-09-27T12:43:57+00:00\",\"description\":\"Sie Fragen sich, welche detektierbaren Kugelschreiber zu Ihrem Betrieb passen? Wir haben Antworten!\",\"breadcrumb\":{\"@id\":\"https:\/\/www.jami-gmbh.de\/index.php\/den-richtigen-detektierbaren-kugelschreiber-finden\/#breadcrumb\"},\"inLanguage\":\"de\",\"potentialAction\":[{\"@type\":\"ReadAction\",\"target\":[\"https:\/\/www.jami-gmbh.de\/index.php\/den-richtigen-detektierbaren-kugelschreiber-finden\/\"]}]},{\"@type\":\"ImageObject\",\"inLanguage\":\"de\",\"@id\":\"https:\/\/www.jami-gmbh.de\/index.php\/den-richtigen-detektierbaren-kugelschreiber-finden\/#primaryimage\",\"url\":\"https:\/\/i0.wp.com\/www.jami-gmbh.de\/wp-content\/uploads\/2023\/09\/2006.jpg?fit=292%2C350&ssl=1\",\"contentUrl\":\"https:\/\/i0.wp.com\/www.jami-gmbh.de\/wp-content\/uploads\/2023\/09\/2006.jpg?fit=292%2C350&ssl=1\",\"width\":292,\"height\":350},{\"@type\":\"BreadcrumbList\",\"@id\":\"https:\/\/www.jami-gmbh.de\/index.php\/den-richtigen-detektierbaren-kugelschreiber-finden\/#breadcrumb\",\"itemListElement\":[{\"@type\":\"ListItem\",\"position\":1,\"name\":\"Home\",\"item\":\"https:\/\/www.jami-gmbh.de\/\"},{\"@type\":\"ListItem\",\"position\":2,\"name\":\"Den richtigen detektierbaren Kugelschreiber finden\"}]},{\"@type\":\"WebSite\",\"@id\":\"https:\/\/www.jami-gmbh.de\/#website\",\"url\":\"https:\/\/www.jami-gmbh.de\/\",\"name\":\"JAMI GmbH\",\"description\":\"\",\"publisher\":{\"@id\":\"https:\/\/www.jami-gmbh.de\/#organization\"},\"potentialAction\":[{\"@type\":\"SearchAction\",\"target\":{\"@type\":\"EntryPoint\",\"urlTemplate\":\"https:\/\/www.jami-gmbh.de\/?s={search_term_string}\"},\"query-input\":{\"@type\":\"PropertyValueSpecification\",\"valueRequired\":true,\"valueName\":\"search_term_string\"}}],\"inLanguage\":\"de\"},{\"@type\":\"Organization\",\"@id\":\"https:\/\/www.jami-gmbh.de\/#organization\",\"name\":\"JAMI GmbH\",\"url\":\"https:\/\/www.jami-gmbh.de\/\",\"logo\":{\"@type\":\"ImageObject\",\"inLanguage\":\"de\",\"@id\":\"https:\/\/www.jami-gmbh.de\/#\/schema\/logo\/image\/\",\"url\":\"https:\/\/i0.wp.com\/www.jami-gmbh.de\/wp-content\/uploads\/2019\/04\/LinkedinCover.jpg?fit=1584%2C396&ssl=1\",\"contentUrl\":\"https:\/\/i0.wp.com\/www.jami-gmbh.de\/wp-content\/uploads\/2019\/04\/LinkedinCover.jpg?fit=1584%2C396&ssl=1\",\"width\":1584,\"height\":396,\"caption\":\"JAMI GmbH\"},\"image\":{\"@id\":\"https:\/\/www.jami-gmbh.de\/#\/schema\/logo\/image\/\"}}]}<\/script>\n<!-- \/ Yoast SEO plugin. -->","yoast_head_json":{"title":"Den richtigen detektierbaren Kugelschreiber finden -","description":"Sie Fragen sich, welche detektierbaren Kugelschreiber zu Ihrem Betrieb passen? Wir haben Antworten!","robots":{"index":"index","follow":"follow","max-snippet":"max-snippet:-1","max-image-preview":"max-image-preview:large","max-video-preview":"max-video-preview:-1"},"canonical":"https:\/\/www.jami-gmbh.de\/index.php\/den-richtigen-detektierbaren-kugelschreiber-finden\/","og_locale":"de_DE","og_type":"article","og_title":"Den richtigen detektierbaren Kugelschreiber finden -","og_description":"Sie Fragen sich, welche detektierbaren Kugelschreiber zu Ihrem Betrieb passen? Wir haben Antworten!","og_url":"https:\/\/www.jami-gmbh.de\/index.php\/den-richtigen-detektierbaren-kugelschreiber-finden\/","article_modified_time":"2023-09-27T12:43:57+00:00","og_image":[{"url":"https:\/\/www.jami-gmbh.de\/wp-content\/uploads\/2023\/09\/2006.jpg","type":"","width":"","height":""}],"twitter_card":"summary_large_image","twitter_misc":{"Gesch\u00e4tzte Lesezeit":"3\u00a0Minuten"},"schema":{"@context":"https:\/\/schema.org","@graph":[{"@type":"WebPage","@id":"https:\/\/www.jami-gmbh.de\/index.php\/den-richtigen-detektierbaren-kugelschreiber-finden\/","url":"https:\/\/www.jami-gmbh.de\/index.php\/den-richtigen-detektierbaren-kugelschreiber-finden\/","name":"Den richtigen detektierbaren Kugelschreiber finden -","isPartOf":{"@id":"https:\/\/www.jami-gmbh.de\/#website"},"primaryImageOfPage":{"@id":"https:\/\/www.jami-gmbh.de\/index.php\/den-richtigen-detektierbaren-kugelschreiber-finden\/#primaryimage"},"image":{"@id":"https:\/\/www.jami-gmbh.de\/index.php\/den-richtigen-detektierbaren-kugelschreiber-finden\/#primaryimage"},"thumbnailUrl":"https:\/\/www.jami-gmbh.de\/wp-content\/uploads\/2023\/09\/2006.jpg","datePublished":"2023-09-27T12:43:54+00:00","dateModified":"2023-09-27T12:43:57+00:00","description":"Sie Fragen sich, welche detektierbaren Kugelschreiber zu Ihrem Betrieb passen? Wir haben Antworten!","breadcrumb":{"@id":"https:\/\/www.jami-gmbh.de\/index.php\/den-richtigen-detektierbaren-kugelschreiber-finden\/#breadcrumb"},"inLanguage":"de","potentialAction":[{"@type":"ReadAction","target":["https:\/\/www.jami-gmbh.de\/index.php\/den-richtigen-detektierbaren-kugelschreiber-finden\/"]}]},{"@type":"ImageObject","inLanguage":"de","@id":"https:\/\/www.jami-gmbh.de\/index.php\/den-richtigen-detektierbaren-kugelschreiber-finden\/#primaryimage","url":"https:\/\/i0.wp.com\/www.jami-gmbh.de\/wp-content\/uploads\/2023\/09\/2006.jpg?fit=292%2C350&ssl=1","contentUrl":"https:\/\/i0.wp.com\/www.jami-gmbh.de\/wp-content\/uploads\/2023\/09\/2006.jpg?fit=292%2C350&ssl=1","width":292,"height":350},{"@type":"BreadcrumbList","@id":"https:\/\/www.jami-gmbh.de\/index.php\/den-richtigen-detektierbaren-kugelschreiber-finden\/#breadcrumb","itemListElement":[{"@type":"ListItem","position":1,"name":"Home","item":"https:\/\/www.jami-gmbh.de\/"},{"@type":"ListItem","position":2,"name":"Den richtigen detektierbaren Kugelschreiber finden"}]},{"@type":"WebSite","@id":"https:\/\/www.jami-gmbh.de\/#website","url":"https:\/\/www.jami-gmbh.de\/","name":"JAMI GmbH","description":"","publisher":{"@id":"https:\/\/www.jami-gmbh.de\/#organization"},"potentialAction":[{"@type":"SearchAction","target":{"@type":"EntryPoint","urlTemplate":"https:\/\/www.jami-gmbh.de\/?s={search_term_string}"},"query-input":{"@type":"PropertyValueSpecification","valueRequired":true,"valueName":"search_term_string"}}],"inLanguage":"de"},{"@type":"Organization","@id":"https:\/\/www.jami-gmbh.de\/#organization","name":"JAMI GmbH","url":"https:\/\/www.jami-gmbh.de\/","logo":{"@type":"ImageObject","inLanguage":"de","@id":"https:\/\/www.jami-gmbh.de\/#\/schema\/logo\/image\/","url":"https:\/\/i0.wp.com\/www.jami-gmbh.de\/wp-content\/uploads\/2019\/04\/LinkedinCover.jpg?fit=1584%2C396&ssl=1","contentUrl":"https:\/\/i0.wp.com\/www.jami-gmbh.de\/wp-content\/uploads\/2019\/04\/LinkedinCover.jpg?fit=1584%2C396&ssl=1","width":1584,"height":396,"caption":"JAMI GmbH"},"image":{"@id":"https:\/\/www.jami-gmbh.de\/#\/schema\/logo\/image\/"}}]}},"jetpack_sharing_enabled":true,"_links":{"self":[{"href":"https:\/\/www.jami-gmbh.de\/index.php\/wp-json\/wp\/v2\/pages\/454","targetHints":{"allow":["GET"]}}],"collection":[{"href":"https:\/\/www.jami-gmbh.de\/index.php\/wp-json\/wp\/v2\/pages"}],"about":[{"href":"https:\/\/www.jami-gmbh.de\/index.php\/wp-json\/wp\/v2\/types\/page"}],"author":[{"embeddable":true,"href":"https:\/\/www.jami-gmbh.de\/index.php\/wp-json\/wp\/v2\/users\/1"}],"replies":[{"embeddable":true,"href":"https:\/\/www.jami-gmbh.de\/index.php\/wp-json\/wp\/v2\/comments?post=454"}],"version-history":[{"count":8,"href":"https:\/\/www.jami-gmbh.de\/index.php\/wp-json\/wp\/v2\/pages\/454\/revisions"}],"predecessor-version":[{"id":468,"href":"https:\/\/www.jami-gmbh.de\/index.php\/wp-json\/wp\/v2\/pages\/454\/revisions\/468"}],"wp:attachment":[{"href":"https:\/\/www.jami-gmbh.de\/index.php\/wp-json\/wp\/v2\/media?parent=454"}],"curies":[{"name":"wp","href":"https:\/\/api.w.org\/{rel}","templated":true}]}}