{"id":8,"date":"2019-04-24T15:38:05","date_gmt":"2019-04-24T15:38:05","guid":{"rendered":"https:\/\/www.jami-shop.eu\/wordpress\/?page_id=8"},"modified":"2019-05-17T15:18:20","modified_gmt":"2019-05-17T15:18:20","slug":"partner","status":"publish","type":"page","link":"https:\/\/www.jami-gmbh.de\/index.php\/partner\/","title":{"rendered":"Partner"},"content":{"rendered":"\n<div style=\"height:100px\" aria-hidden=\"true\" class=\"wp-block-spacer\"><\/div>\n\n\n\n<div class=\"wp-block-media-text alignwide is-stacked-on-mobile\" style=\"grid-template-columns:23% auto\"><figure class=\"wp-block-media-text__media\"><img data-recalc-dims=\"1\" loading=\"lazy\" decoding=\"async\" width=\"167\" height=\"100\" src=\"https:\/\/i0.wp.com\/www.jami-gmbh.de\/wp-content\/uploads\/2019\/04\/EmilSchmidt_LogoVektorblau_trans.png?resize=167%2C100&#038;ssl=1\" alt=\"\" class=\"wp-image-123\"\/><\/figure><div class=\"wp-block-media-text__content\">\n<p class=\"has-medium-font-size\"><strong>Emil Schmidt &#8211;  Profiqualit\u00e4t f\u00fcr das B\u00e4ckerhandwerk<\/strong> <\/p>\n\n\n\n<p><\/p>\n\n\n\n<p>Die Emil Schmidt GmbH ist ein traditionsreiches Unternehmen mit Sitz in der Klingenstadt Solingen. In seiner \u00fcber 100-j\u00e4hrigen Geschichte wurde die Emil Schmidt GmbH zum Spezialisten f\u00fcr B\u00e4ckereibedarfsgegenst\u00e4nde. Teil des umfangreichen Sortiments sind unter Anderem eigene Messerserien und eine breite Palette an Kunststoffwerkzeugen. Getragen vom innovativen Geist des Unternehmens, entwickelte man einige Produkte aus detektierbarem Kunststoff f\u00fcr den Einsatz im Fremdk\u00f6rpermanagement. Diese zeichnen sich durch besonders hochqualitatives Material mit exzellenten Detektionswerten aus.<br>2019 verb\u00fcndeten sich JAMI und Emil Schmidt, um die detektierbaren Produkte gemeinsam auf dem deutschen Markt zu etablieren. Unsere Zielsetzung: Ihre Zufriedenheit. Wir begleiten Sie auf der Suche nach dem richtigen Produkt und dar\u00fcber hinaus. Mit unserem modernen Lager sorgen wir f\u00fcr h\u00f6chste Verf\u00fcgbarkeit und erm\u00f6glichen Ihnen damit maximale Flexibilit\u00e4t. <br><strong>Kundenw\u00fcnsche: <\/strong>Gemeinsam sind wir in der Lage, uns Ihren besonderen Anliegen anzunehmen. Sie suchen seit langem ein detektierbares Produkt zur Beseitignung einer Fremdk\u00f6rpergefahr in Ihrem Betrieb? Sprechen Sie uns an, wir helfen gerne.<\/p>\n\n\n\n<p><a href=\"https:\/\/www.emil-schmidt.de\/\">https:\/\/www.emil-schmidt.de\/<\/a><br><\/p>\n<\/div><\/div>\n\n\n\n<div class=\"wp-block-media-text alignwide\" style=\"grid-template-columns:23% auto\"><figure class=\"wp-block-media-text__media\"><img data-recalc-dims=\"1\" loading=\"lazy\" decoding=\"async\" width=\"746\" height=\"168\" src=\"https:\/\/i0.wp.com\/www.jami-gmbh.de\/wp-content\/uploads\/2019\/04\/image.png?resize=746%2C168&#038;ssl=1\" alt=\"\" class=\"wp-image-132\" srcset=\"https:\/\/i0.wp.com\/www.jami-gmbh.de\/wp-content\/uploads\/2019\/04\/image.png?w=746&amp;ssl=1 746w, https:\/\/i0.wp.com\/www.jami-gmbh.de\/wp-content\/uploads\/2019\/04\/image.png?resize=300%2C68&amp;ssl=1 300w\" sizes=\"auto, (max-width: 746px) 100vw, 746px\" \/><\/figure><div class=\"wp-block-media-text__content\">\n<p class=\"has-medium-font-size\"><strong>Detectaplast &#8211;  Professionelle Wundversorgung f\u00fcr die Lebensmittelindustrie<\/strong><\/p>\n\n\n\n<p>Detectaplast ist ein belgisches Unternehmen mit dem Fokus auf detektionsf\u00e4hige Erste-Hilfe-Produkte. Detectaplast hat f\u00fcr jede Anwendung die passende Qualit\u00e4t im Sortiment. Die preiseffiziente &#8222;Universal&#8220;-Serie mit eingearbeiteter Aluminiumschicht, die gute metalldetektionsf\u00e4higkeit mit hervoragenden Klebeeigenschaften und n\u00fctzlicher Wasserbest\u00e4ndigkeit kombiniert, ist in der branche bereits \u00fcberaus beliebt. F\u00fcr besondere Anspr\u00fcche in der Produktion h\u00e4lt Detectaplast die Serien &#8222;Premium&#8220; und &#8222;Elastic&#8220; bereit die wahlweise aus widerstandsf\u00e4higem PU oder starkem Textil gefertigt sind. F\u00fcr Anwender mit R\u00f6ntgendetektoren entwickelte die innovative Firma aus Kortrijk seine &#8222;Premium&#8220;-Serie mit eingearbeitetem Bariumsulfatfaden<br>Besonders praktisch sind die fertigen Koffersortimente, die verschiedene Plasterarten einer bestimmten Serie beinhalten. Mehr dazu in unserem <a href=\"https:\/\/www.jami-shop.eu\/?cat=c3_Erste-Hilfe-erste-hilfe.html\">Shop<\/a>. <\/p>\n<\/div><\/div>\n","protected":false},"excerpt":{"rendered":"<p>Emil Schmidt &#8211; Profiqualit\u00e4t f\u00fcr das B\u00e4ckerhandwerk Die Emil Schmidt GmbH ist ein traditionsreiches Unternehmen mit Sitz in der Klingenstadt Solingen. In seiner \u00fcber 100-j\u00e4hrigen Geschichte wurde die Emil Schmidt GmbH zum Spezialisten f\u00fcr B\u00e4ckereibedarfsgegenst\u00e4nde. Teil des umfangreichen Sortiments sind unter Anderem eigene Messerserien und eine breite Palette an Kunststoffwerkzeugen. Getragen vom innovativen Geist des [&hellip;]<\/p>\n","protected":false},"author":1,"featured_media":0,"parent":0,"menu_order":0,"comment_status":"closed","ping_status":"closed","template":"","meta":{"site-sidebar-layout":"default","site-content-layout":"","ast-site-content-layout":"default","site-content-style":"default","site-sidebar-style":"default","ast-global-header-display":"","ast-banner-title-visibility":"","ast-main-header-display":"","ast-hfb-above-header-display":"","ast-hfb-below-header-display":"","ast-hfb-mobile-header-display":"","site-post-title":"","ast-breadcrumbs-content":"","ast-featured-img":"","footer-sml-layout":"","ast-disable-related-posts":"","theme-transparent-header-meta":"","adv-header-id-meta":"","stick-header-meta":"","header-above-stick-meta":"","header-main-stick-meta":"","header-below-stick-meta":"","astra-migrate-meta-layouts":"default","ast-page-background-enabled":"default","ast-page-background-meta":{"desktop":{"background-color":"var(--ast-global-color-4)","background-image":"","background-repeat":"repeat","background-position":"center center","background-size":"auto","background-attachment":"scroll","background-type":"","background-media":"","overlay-type":"","overlay-color":"","overlay-opacity":"","overlay-gradient":""},"tablet":{"background-color":"","background-image":"","background-repeat":"repeat","background-position":"center center","background-size":"auto","background-attachment":"scroll","background-type":"","background-media":"","overlay-type":"","overlay-color":"","overlay-opacity":"","overlay-gradient":""},"mobile":{"background-color":"","background-image":"","background-repeat":"repeat","background-position":"center center","background-size":"auto","background-attachment":"scroll","background-type":"","background-media":"","overlay-type":"","overlay-color":"","overlay-opacity":"","overlay-gradient":""}},"ast-content-background-meta":{"desktop":{"background-color":"var(--ast-global-color-5)","background-image":"","background-repeat":"repeat","background-position":"center center","background-size":"auto","background-attachment":"scroll","background-type":"","background-media":"","overlay-type":"","overlay-color":"","overlay-opacity":"","overlay-gradient":""},"tablet":{"background-color":"var(--ast-global-color-5)","background-image":"","background-repeat":"repeat","background-position":"center center","background-size":"auto","background-attachment":"scroll","background-type":"","background-media":"","overlay-type":"","overlay-color":"","overlay-opacity":"","overlay-gradient":""},"mobile":{"background-color":"var(--ast-global-color-5)","background-image":"","background-repeat":"repeat","background-position":"center center","background-size":"auto","background-attachment":"scroll","background-type":"","background-media":"","overlay-type":"","overlay-color":"","overlay-opacity":"","overlay-gradient":""}},"footnotes":""},"class_list":["post-8","page","type-page","status-publish","hentry"],"yoast_head":"<!-- This site is optimized with the Yoast SEO plugin v27.1.1 - https:\/\/yoast.com\/product\/yoast-seo-wordpress\/ -->\n<title>Partner -<\/title>\n<meta name=\"description\" content=\"JAMI-Partner: Emil Schmidt detektierbare Schaber und Teigabstecher. Detctaplast: Detektierbare Pflaster f\u00fcr Metalldetektoren und R\u00f6ntgendetektoren\" \/>\n<meta name=\"robots\" content=\"index, follow, max-snippet:-1, max-image-preview:large, max-video-preview:-1\" \/>\n<link rel=\"canonical\" href=\"https:\/\/www.jami-gmbh.de\/index.php\/partner\/\" \/>\n<meta property=\"og:locale\" content=\"de_DE\" \/>\n<meta property=\"og:type\" content=\"article\" \/>\n<meta property=\"og:title\" content=\"Partner -\" \/>\n<meta property=\"og:description\" content=\"JAMI-Partner: Emil Schmidt detektierbare Schaber und Teigabstecher. Detctaplast: Detektierbare Pflaster f\u00fcr Metalldetektoren und R\u00f6ntgendetektoren\" \/>\n<meta property=\"og:url\" content=\"https:\/\/www.jami-gmbh.de\/index.php\/partner\/\" \/>\n<meta property=\"article:modified_time\" content=\"2019-05-17T15:18:20+00:00\" \/>\n<meta property=\"og:image\" content=\"https:\/\/www.jami-gmbh.de\/wp-content\/uploads\/2019\/04\/EmilSchmidt_LogoVektorblau_trans.png\" \/>\n<meta name=\"twitter:card\" content=\"summary_large_image\" \/>\n<meta name=\"twitter:label1\" content=\"Gesch\u00e4tzte Lesezeit\" \/>\n\t<meta name=\"twitter:data1\" content=\"2\u00a0Minuten\" \/>\n<script type=\"application\/ld+json\" class=\"yoast-schema-graph\">{\"@context\":\"https:\/\/schema.org\",\"@graph\":[{\"@type\":\"WebPage\",\"@id\":\"https:\/\/www.jami-gmbh.de\/index.php\/partner\/\",\"url\":\"https:\/\/www.jami-gmbh.de\/index.php\/partner\/\",\"name\":\"Partner -\",\"isPartOf\":{\"@id\":\"https:\/\/www.jami-gmbh.de\/#website\"},\"primaryImageOfPage\":{\"@id\":\"https:\/\/www.jami-gmbh.de\/index.php\/partner\/#primaryimage\"},\"image\":{\"@id\":\"https:\/\/www.jami-gmbh.de\/index.php\/partner\/#primaryimage\"},\"thumbnailUrl\":\"https:\/\/www.jami-gmbh.de\/wp-content\/uploads\/2019\/04\/EmilSchmidt_LogoVektorblau_trans.png\",\"datePublished\":\"2019-04-24T15:38:05+00:00\",\"dateModified\":\"2019-05-17T15:18:20+00:00\",\"description\":\"JAMI-Partner: Emil Schmidt detektierbare Schaber und Teigabstecher. Detctaplast: Detektierbare Pflaster f\u00fcr Metalldetektoren und R\u00f6ntgendetektoren\",\"breadcrumb\":{\"@id\":\"https:\/\/www.jami-gmbh.de\/index.php\/partner\/#breadcrumb\"},\"inLanguage\":\"de\",\"potentialAction\":[{\"@type\":\"ReadAction\",\"target\":[\"https:\/\/www.jami-gmbh.de\/index.php\/partner\/\"]}]},{\"@type\":\"ImageObject\",\"inLanguage\":\"de\",\"@id\":\"https:\/\/www.jami-gmbh.de\/index.php\/partner\/#primaryimage\",\"url\":\"https:\/\/i0.wp.com\/www.jami-gmbh.de\/wp-content\/uploads\/2019\/04\/EmilSchmidt_LogoVektorblau_trans.png?fit=167%2C100&ssl=1\",\"contentUrl\":\"https:\/\/i0.wp.com\/www.jami-gmbh.de\/wp-content\/uploads\/2019\/04\/EmilSchmidt_LogoVektorblau_trans.png?fit=167%2C100&ssl=1\",\"width\":167,\"height\":100},{\"@type\":\"BreadcrumbList\",\"@id\":\"https:\/\/www.jami-gmbh.de\/index.php\/partner\/#breadcrumb\",\"itemListElement\":[{\"@type\":\"ListItem\",\"position\":1,\"name\":\"Home\",\"item\":\"https:\/\/www.jami-gmbh.de\/\"},{\"@type\":\"ListItem\",\"position\":2,\"name\":\"Partner\"}]},{\"@type\":\"WebSite\",\"@id\":\"https:\/\/www.jami-gmbh.de\/#website\",\"url\":\"https:\/\/www.jami-gmbh.de\/\",\"name\":\"JAMI GmbH\",\"description\":\"\",\"publisher\":{\"@id\":\"https:\/\/www.jami-gmbh.de\/#organization\"},\"potentialAction\":[{\"@type\":\"SearchAction\",\"target\":{\"@type\":\"EntryPoint\",\"urlTemplate\":\"https:\/\/www.jami-gmbh.de\/?s={search_term_string}\"},\"query-input\":{\"@type\":\"PropertyValueSpecification\",\"valueRequired\":true,\"valueName\":\"search_term_string\"}}],\"inLanguage\":\"de\"},{\"@type\":\"Organization\",\"@id\":\"https:\/\/www.jami-gmbh.de\/#organization\",\"name\":\"JAMI GmbH\",\"url\":\"https:\/\/www.jami-gmbh.de\/\",\"logo\":{\"@type\":\"ImageObject\",\"inLanguage\":\"de\",\"@id\":\"https:\/\/www.jami-gmbh.de\/#\/schema\/logo\/image\/\",\"url\":\"https:\/\/i0.wp.com\/www.jami-gmbh.de\/wp-content\/uploads\/2019\/04\/LinkedinCover.jpg?fit=1584%2C396&ssl=1\",\"contentUrl\":\"https:\/\/i0.wp.com\/www.jami-gmbh.de\/wp-content\/uploads\/2019\/04\/LinkedinCover.jpg?fit=1584%2C396&ssl=1\",\"width\":1584,\"height\":396,\"caption\":\"JAMI GmbH\"},\"image\":{\"@id\":\"https:\/\/www.jami-gmbh.de\/#\/schema\/logo\/image\/\"}}]}<\/script>\n<!-- \/ Yoast SEO plugin. -->","yoast_head_json":{"title":"Partner -","description":"JAMI-Partner: Emil Schmidt detektierbare Schaber und Teigabstecher. Detctaplast: Detektierbare Pflaster f\u00fcr Metalldetektoren und R\u00f6ntgendetektoren","robots":{"index":"index","follow":"follow","max-snippet":"max-snippet:-1","max-image-preview":"max-image-preview:large","max-video-preview":"max-video-preview:-1"},"canonical":"https:\/\/www.jami-gmbh.de\/index.php\/partner\/","og_locale":"de_DE","og_type":"article","og_title":"Partner -","og_description":"JAMI-Partner: Emil Schmidt detektierbare Schaber und Teigabstecher. Detctaplast: Detektierbare Pflaster f\u00fcr Metalldetektoren und R\u00f6ntgendetektoren","og_url":"https:\/\/www.jami-gmbh.de\/index.php\/partner\/","article_modified_time":"2019-05-17T15:18:20+00:00","og_image":[{"url":"https:\/\/www.jami-gmbh.de\/wp-content\/uploads\/2019\/04\/EmilSchmidt_LogoVektorblau_trans.png","type":"","width":"","height":""}],"twitter_card":"summary_large_image","twitter_misc":{"Gesch\u00e4tzte Lesezeit":"2\u00a0Minuten"},"schema":{"@context":"https:\/\/schema.org","@graph":[{"@type":"WebPage","@id":"https:\/\/www.jami-gmbh.de\/index.php\/partner\/","url":"https:\/\/www.jami-gmbh.de\/index.php\/partner\/","name":"Partner -","isPartOf":{"@id":"https:\/\/www.jami-gmbh.de\/#website"},"primaryImageOfPage":{"@id":"https:\/\/www.jami-gmbh.de\/index.php\/partner\/#primaryimage"},"image":{"@id":"https:\/\/www.jami-gmbh.de\/index.php\/partner\/#primaryimage"},"thumbnailUrl":"https:\/\/www.jami-gmbh.de\/wp-content\/uploads\/2019\/04\/EmilSchmidt_LogoVektorblau_trans.png","datePublished":"2019-04-24T15:38:05+00:00","dateModified":"2019-05-17T15:18:20+00:00","description":"JAMI-Partner: Emil Schmidt detektierbare Schaber und Teigabstecher. Detctaplast: Detektierbare Pflaster f\u00fcr Metalldetektoren und R\u00f6ntgendetektoren","breadcrumb":{"@id":"https:\/\/www.jami-gmbh.de\/index.php\/partner\/#breadcrumb"},"inLanguage":"de","potentialAction":[{"@type":"ReadAction","target":["https:\/\/www.jami-gmbh.de\/index.php\/partner\/"]}]},{"@type":"ImageObject","inLanguage":"de","@id":"https:\/\/www.jami-gmbh.de\/index.php\/partner\/#primaryimage","url":"https:\/\/i0.wp.com\/www.jami-gmbh.de\/wp-content\/uploads\/2019\/04\/EmilSchmidt_LogoVektorblau_trans.png?fit=167%2C100&ssl=1","contentUrl":"https:\/\/i0.wp.com\/www.jami-gmbh.de\/wp-content\/uploads\/2019\/04\/EmilSchmidt_LogoVektorblau_trans.png?fit=167%2C100&ssl=1","width":167,"height":100},{"@type":"BreadcrumbList","@id":"https:\/\/www.jami-gmbh.de\/index.php\/partner\/#breadcrumb","itemListElement":[{"@type":"ListItem","position":1,"name":"Home","item":"https:\/\/www.jami-gmbh.de\/"},{"@type":"ListItem","position":2,"name":"Partner"}]},{"@type":"WebSite","@id":"https:\/\/www.jami-gmbh.de\/#website","url":"https:\/\/www.jami-gmbh.de\/","name":"JAMI GmbH","description":"","publisher":{"@id":"https:\/\/www.jami-gmbh.de\/#organization"},"potentialAction":[{"@type":"SearchAction","target":{"@type":"EntryPoint","urlTemplate":"https:\/\/www.jami-gmbh.de\/?s={search_term_string}"},"query-input":{"@type":"PropertyValueSpecification","valueRequired":true,"valueName":"search_term_string"}}],"inLanguage":"de"},{"@type":"Organization","@id":"https:\/\/www.jami-gmbh.de\/#organization","name":"JAMI GmbH","url":"https:\/\/www.jami-gmbh.de\/","logo":{"@type":"ImageObject","inLanguage":"de","@id":"https:\/\/www.jami-gmbh.de\/#\/schema\/logo\/image\/","url":"https:\/\/i0.wp.com\/www.jami-gmbh.de\/wp-content\/uploads\/2019\/04\/LinkedinCover.jpg?fit=1584%2C396&ssl=1","contentUrl":"https:\/\/i0.wp.com\/www.jami-gmbh.de\/wp-content\/uploads\/2019\/04\/LinkedinCover.jpg?fit=1584%2C396&ssl=1","width":1584,"height":396,"caption":"JAMI GmbH"},"image":{"@id":"https:\/\/www.jami-gmbh.de\/#\/schema\/logo\/image\/"}}]}},"jetpack_sharing_enabled":true,"_links":{"self":[{"href":"https:\/\/www.jami-gmbh.de\/index.php\/wp-json\/wp\/v2\/pages\/8","targetHints":{"allow":["GET"]}}],"collection":[{"href":"https:\/\/www.jami-gmbh.de\/index.php\/wp-json\/wp\/v2\/pages"}],"about":[{"href":"https:\/\/www.jami-gmbh.de\/index.php\/wp-json\/wp\/v2\/types\/page"}],"author":[{"embeddable":true,"href":"https:\/\/www.jami-gmbh.de\/index.php\/wp-json\/wp\/v2\/users\/1"}],"replies":[{"embeddable":true,"href":"https:\/\/www.jami-gmbh.de\/index.php\/wp-json\/wp\/v2\/comments?post=8"}],"version-history":[{"count":13,"href":"https:\/\/www.jami-gmbh.de\/index.php\/wp-json\/wp\/v2\/pages\/8\/revisions"}],"predecessor-version":[{"id":225,"href":"https:\/\/www.jami-gmbh.de\/index.php\/wp-json\/wp\/v2\/pages\/8\/revisions\/225"}],"wp:attachment":[{"href":"https:\/\/www.jami-gmbh.de\/index.php\/wp-json\/wp\/v2\/media?parent=8"}],"curies":[{"name":"wp","href":"https:\/\/api.w.org\/{rel}","templated":true}]}}